{"id":3929,"date":"2026-03-05T14:57:10","date_gmt":"2026-03-05T14:57:10","guid":{"rendered":"https:\/\/annakilyk.com\/?page_id=3929"},"modified":"2026-03-19T19:12:52","modified_gmt":"2026-03-19T19:12:52","slug":"warunki-sprzedazy","status":"publish","type":"page","link":"https:\/\/annakilyk.com\/?page_id=3929","title":{"rendered":"Warunki sprzeda\u017cy"},"content":{"rendered":"<p><div class=\"fusion-fullwidth fullwidth-box fusion-builder-row-1 fusion-flex-container has-pattern-background has-mask-background nonhundred-percent-fullwidth non-hundred-percent-height-scrolling\" style=\"--awb-border-radius-top-left:0px;--awb-border-radius-top-right:0px;--awb-border-radius-bottom-right:0px;--awb-border-radius-bottom-left:0px;--awb-background-image:linear-gradient(180deg, var(--awb-color2) 0%,rgba(255,255,255,0) 100%);--awb-flex-wrap:wrap;\" ><div class=\"fusion-builder-row fusion-row fusion-flex-align-items-flex-start fusion-flex-content-wrap\" style=\"max-width:1144px;margin-left: calc(-4% \/ 2 );margin-right: calc(-4% \/ 2 );\"><div class=\"fusion-layout-column fusion_builder_column fusion-builder-column-0 fusion_builder_column_1_1 1_1 fusion-flex-column\" style=\"--awb-bg-size:cover;--awb-width-large:100%;--awb-margin-top-large:0px;--awb-spacing-right-large:1.92%;--awb-margin-bottom-large:0px;--awb-spacing-left-large:1.92%;--awb-width-medium:100%;--awb-order-medium:0;--awb-spacing-right-medium:1.92%;--awb-spacing-left-medium:1.92%;--awb-width-small:100%;--awb-order-small:0;--awb-spacing-right-small:1.92%;--awb-spacing-left-small:1.92%;\"><div class=\"fusion-column-wrapper fusion-column-has-shadow fusion-flex-justify-content-flex-start fusion-content-layout-column\"><div class=\"fusion-text fusion-text-1\"><h3 data-start=\"1401\" data-end=\"1408\">Ceny<\/h3>\n<p data-start=\"1410\" data-end=\"1506\">Wszystkie ceny podane s\u0105 w <strong data-start=\"1437\" data-end=\"1452\">PLN lub EUR<\/strong> i mog\u0105 ulec zmianie bez wcze\u015bniejszego powiadomienia.<\/p>\n<p data-start=\"1508\" data-end=\"1627\">Cena obejmuje samo dzie\u0142o sztuki, natomiast koszty wysy\u0142ki mog\u0105 by\u0107 doliczane oddzielnie, je\u015bli nie zaznaczono inaczej.<\/p>\n<hr data-start=\"1629\" data-end=\"1632\" \/>\n<h3 data-start=\"1634\" data-end=\"1645\">P\u0142atno\u015b\u0107<\/h3>\n<p data-start=\"1647\" data-end=\"1700\">Zam\u00f3wienia realizowane s\u0105 po zaksi\u0119gowaniu p\u0142atno\u015bci.<\/p>\n<p data-start=\"1702\" data-end=\"1805\">W przypadku ikon wykonywanych na zam\u00f3wienie atelier mo\u017ce wymaga\u0107 <strong data-start=\"1767\" data-end=\"1804\">zaliczki przed rozpocz\u0119ciem pracy<\/strong>.<\/p>\n<hr data-start=\"1807\" data-end=\"1810\" \/>\n<h3 data-start=\"1812\" data-end=\"1822\">Wysy\u0142ka<\/h3>\n<p data-start=\"1824\" data-end=\"1892\">Wszystkie prace s\u0105 starannie pakowane i zabezpieczane przed wysy\u0142k\u0105.<\/p>\n<p data-start=\"1894\" data-end=\"1988\">Koszt oraz czas dostawy zale\u017c\u0105 od kraju docelowego i s\u0105 podawane podczas sk\u0142adania zam\u00f3wienia.<\/p>\n<hr data-start=\"1990\" data-end=\"1993\" \/>\n<h3 data-start=\"1995\" data-end=\"2021\">C\u0142a i podatki importowe<\/h3>\n<p data-start=\"2023\" data-end=\"2188\">W przypadku zam\u00f3wie\u0144 mi\u0119dzynarodowych kupuj\u0105cy ponosi odpowiedzialno\u015b\u0107 za ewentualne <strong data-start=\"2108\" data-end=\"2147\">op\u0142aty celne oraz podatki importowe<\/strong>, kt\u00f3re mog\u0105 obowi\u0105zywa\u0107 w kraju dostawy.<\/p>\n<\/div><div class=\"fusion-separator fusion-full-width-sep\" style=\"align-self: center;margin-left: auto;margin-right: auto;width:100%;\"><div class=\"fusion-separator-border sep-single sep-solid\" style=\"--awb-height:20px;--awb-amount:20px;border-color:var(--awb-color3);border-top-width:1px;\"><\/div><\/div><\/div><\/div><\/div><\/div><div class=\"fusion-fullwidth fullwidth-box fusion-builder-row-2 fusion-flex-container has-pattern-background has-mask-background nonhundred-percent-fullwidth non-hundred-percent-height-scrolling\" style=\"--awb-border-radius-top-left:0px;--awb-border-radius-top-right:0px;--awb-border-radius-bottom-right:0px;--awb-border-radius-bottom-left:0px;--awb-margin-top:100px;--awb-flex-wrap:wrap;\" ><div class=\"fusion-builder-row fusion-row fusion-flex-align-items-flex-start fusion-flex-content-wrap\" style=\"max-width:1144px;margin-left: calc(-4% \/ 2 );margin-right: calc(-4% \/ 2 );\"><div class=\"fusion-layout-column fusion_builder_column fusion-builder-column-1 fusion_builder_column_1_1 1_1 fusion-flex-column\" style=\"--awb-bg-size:cover;--awb-width-large:100%;--awb-margin-top-large:0px;--awb-spacing-right-large:1.92%;--awb-margin-bottom-large:0px;--awb-spacing-left-large:1.92%;--awb-width-medium:100%;--awb-order-medium:0;--awb-spacing-right-medium:1.92%;--awb-spacing-left-medium:1.92%;--awb-width-small:100%;--awb-order-small:0;--awb-spacing-right-small:1.92%;--awb-spacing-left-small:1.92%;\"><div class=\"fusion-column-wrapper fusion-column-has-shadow fusion-flex-justify-content-flex-start fusion-content-layout-column\"><div class=\"fusion-form fusion-form-builder fusion-form-form-wrapper fusion-form-4127 has-icon-alignment\" style=\"--awb-tooltip-text-color:#ffffff;--awb-tooltip-background-color:#333333;--awb-field-margin-bottom:0px;--awb-form-input-height:70px;--awb-form-bg-color:var(--awb-color1);--awb-form-font-size:16px;--awb-form-placeholder-color:hsla(var(--awb-color8-h),var(--awb-color8-s),var(--awb-color8-l),calc(var(--awb-color8-a) - 50%));--awb-form-text-color:var(--awb-color7);--awb-form-label-color:var(--awb-color6);--awb-form-border-width-top:1px;--awb-form-border-width-bottom:1px;--awb-form-border-width-right:1px;--awb-form-border-width-left:1px;--awb-form-border-color:var(--awb-color2);--awb-form-focus-border-color:hsla(var(--awb-color3-h),var(--awb-color3-s),calc(var(--awb-color3-l) - 10%),var(--awb-color3-a));--awb-form-focus-border-hover-color:hsla(var(--awb-color3-h),var(--awb-color3-s),calc(var(--awb-color3-l) - 10%),calc(var(--awb-color3-a) + 2%));--awb-form-border-radius:12px;--awb-icon-alignment-top:1px;--awb-icon-alignment-bottom:1px;--awb-icon-alignment-font-size:16px;\" data-form-id=\"4127\" data-config=\"{&quot;form_id&quot;:4127,&quot;form_post_id&quot;:4127,&quot;post_id&quot;:3929,&quot;form_type&quot;:&quot;ajax&quot;,&quot;confirmation_type&quot;:&quot;message&quot;,&quot;redirect_url&quot;:&quot;&quot;,&quot;redirect_timeout&quot;:&quot;0&quot;,&quot;field_labels&quot;:{&quot;your_name&quot;:&quot;&quot;,&quot;email&quot;:&quot;&quot;,&quot;subject&quot;:&quot;&quot;,&quot;message&quot;:&quot;&quot;},&quot;field_logics&quot;:{&quot;notice_1&quot;:&quot;&quot;,&quot;your_name&quot;:&quot;&quot;,&quot;email&quot;:&quot;&quot;,&quot;subject&quot;:&quot;&quot;,&quot;message&quot;:&quot;&quot;,&quot;submit_1&quot;:&quot;&quot;},&quot;field_types&quot;:{&quot;notice_1&quot;:&quot;notice&quot;,&quot;your_name&quot;:&quot;text&quot;,&quot;email&quot;:&quot;email&quot;,&quot;subject&quot;:&quot;text&quot;,&quot;message&quot;:&quot;textarea&quot;,&quot;submit_1&quot;:&quot;submit&quot;},&quot;nonce_method&quot;:&quot;ajax&quot;,&quot;form_views&quot;:&quot;ajax&quot;,&quot;form_views_counting&quot;:&quot;all&quot;}\"><form action=\"https:\/\/annakilyk.com\/?page_id=3929\" method=\"post\" class=\"fusion-form fusion-form-4127\"><div class=\"fusion-fullwidth fullwidth-box fusion-builder-row-2-1 fusion-flex-container has-pattern-background has-mask-background nonhundred-percent-fullwidth non-hundred-percent-height-scrolling\" style=\"--awb-border-radius-top-left:10px;--awb-border-radius-top-right:10px;--awb-border-radius-bottom-right:10px;--awb-border-radius-bottom-left:10px;--awb-overflow:hidden;--awb-background-color:var(--awb-color2);--awb-flex-wrap:wrap;\" ><div class=\"fusion-builder-row fusion-row fusion-flex-align-items-flex-start fusion-flex-content-wrap\" style=\"width:104% !important;max-width:104% !important;margin-left: calc(-4% \/ 2 );margin-right: calc(-4% \/ 2 );\"><div class=\"fusion-layout-column fusion_builder_column fusion-builder-column-2 fusion_builder_column_1_1 1_1 fusion-flex-column fusion-animated\" style=\"--awb-padding-top:60px;--awb-padding-right:60px;--awb-padding-bottom:60px;--awb-padding-left:60px;--awb-bg-size:cover;--awb-border-color:#ddd7d0;--awb-border-color-hover:#6b6b6b;--awb-border-style:solid;--awb-width-large:100%;--awb-flex-grow:0;--awb-flex-shrink:0;--awb-margin-top-large:0px;--awb-spacing-right-large:1.92%;--awb-margin-bottom-large:0px;--awb-spacing-left-large:1.92%;--awb-width-medium:100%;--awb-order-medium:1;--awb-flex-grow-medium:0;--awb-flex-shrink-medium:0;--awb-spacing-right-medium:1.92%;--awb-spacing-left-medium:1.92%;--awb-width-small:100%;--awb-order-small:1;--awb-flex-grow-small:0;--awb-flex-shrink-small:0;--awb-spacing-right-small:1.92%;--awb-spacing-left-small:1.92%;\" data-animationType=\"fadeInDown\" data-animationDuration=\"1.0\" data-animationDelay=\"0.5\" data-animationOffset=\"top-into-view\"><div class=\"fusion-column-wrapper fusion-column-has-shadow fusion-flex-justify-content-flex-start fusion-content-layout-column\"><div class=\"fusion-builder-row fusion-builder-row-inner fusion-row fusion-flex-align-items-flex-start fusion-flex-content-wrap\" style=\"width:104% !important;max-width:104% !important;margin-left: calc(-4% \/ 2 );margin-right: calc(-4% \/ 2 );\"><div class=\"fusion-layout-column fusion_builder_column_inner fusion-builder-nested-column-0 fusion_builder_column_inner_1_1 1_1 fusion-flex-column\" style=\"--awb-padding-top:71px;--awb-padding-right:80px;--awb-padding-bottom:50px;--awb-padding-left:80px;--awb-padding-right-small:30px;--awb-padding-left-small:30px;--awb-overflow:hidden;--awb-bg-image:linear-gradient(180deg, rgba(15,15,15,0.1) 0%,rgba(15,15,15,0.4) 100%);;--awb-bg-position:right center;--awb-bg-size:cover;--awb-border-radius:12px 12px 12px 12px;--awb-filter:saturate(110%) contrast(110%);--awb-filter-transition:filter 0.3s ease;--awb-filter-hover:saturate(110%) contrast(110%);--awb-width-large:100%;--awb-margin-top-large:0px;--awb-spacing-right-large:1.92%;--awb-margin-bottom-large:0px;--awb-spacing-left-large:1.92%;--awb-width-medium:100%;--awb-order-medium:0;--awb-spacing-right-medium:1.92%;--awb-spacing-left-medium:1.92%;--awb-width-small:100%;--awb-order-small:0;--awb-spacing-right-small:1.92%;--awb-spacing-left-small:1.92%;\"><div class=\"fusion-column-wrapper lazyload fusion-column-has-shadow fusion-flex-justify-content-flex-start fusion-content-layout-column fusion-column-has-bg-image\" data-bg-url=\"https:\/\/annakilyk.com\/wp-content\/uploads\/2026\/03\/Poster-Mockup-40x50-1.jpg\" data-bg=\"https:\/\/annakilyk.com\/wp-content\/uploads\/2026\/03\/Poster-Mockup-40x50-1.jpg\" data-bg-gradient=\"linear-gradient(180deg, rgba(15,15,15,0.1) 0%,rgba(15,15,15,0.4) 100%)\"><div class=\"fusion-title title fusion-title-1 fusion-sep-none fusion-title-text fusion-title-size-one\" style=\"--awb-text-color:#ffffff;--awb-margin-top:40px;--awb-margin-bottom:15px;--awb-font-size:50px;\"><h1 class=\"fusion-title-heading title-heading-left sm-text-align-center fusion-responsive-typography-calculated\" style=\"margin:0;letter-spacing:0.015em;text-transform:var(--awb-typography1-text-transform);font-size:1em;--fontSize:50;line-height:1.2;\">Napisz do mnie<\/h1><\/div><div class=\"fusion-text fusion-text-2 sm-text-align-center\" style=\"--awb-font-size:18px;--awb-line-height:1.4;--awb-letter-spacing:0.015em;--awb-text-transform:var(--awb-typography4-text-transform);--awb-text-color:#f2efea;--awb-text-font-family:&quot;Figtree&quot;;--awb-text-font-style:normal;--awb-text-font-weight:300;\"><p>Je\u015bli rozwa\u017casz nabycie ikony i chcesz wiedzie\u0107 wi\u0119cej o konkretnej pracy, jej historii, wymiarach lub dost\u0119pno\u015bci. Odpowiem osobi\u015bcie.<\/p>\n<\/div>\n<\/div><\/div><\/div><div class=\"fusion-builder-row fusion-builder-row-inner fusion-row fusion-flex-align-items-flex-start fusion-flex-content-wrap\" style=\"width:104% !important;max-width:104% !important;margin-left: calc(-4% \/ 2 );margin-right: calc(-4% \/ 2 );\"><div class=\"fusion-layout-column fusion_builder_column_inner fusion-builder-nested-column-1 fusion_builder_column_inner_1_1 1_1 fusion-flex-column\" style=\"--awb-bg-size:cover;--awb-width-large:100%;--awb-margin-top-large:0px;--awb-spacing-right-large:1.92%;--awb-margin-bottom-large:0px;--awb-spacing-left-large:1.92%;--awb-width-medium:100%;--awb-order-medium:0;--awb-spacing-right-medium:1.92%;--awb-spacing-left-medium:1.92%;--awb-width-small:100%;--awb-order-small:0;--awb-spacing-right-small:1.92%;--awb-spacing-left-small:1.92%;\"><div class=\"fusion-column-wrapper fusion-column-has-shadow fusion-flex-justify-content-flex-start fusion-content-layout-column\"><div class=\"form-submission-notices data-notice_1\" id=\"fusion-notices-1\"><div class=\"fusion-alert alert success alert-success fusion-alert-center fusion-form-response fusion-form-response-success awb-alert-native-link-color alert-dismissable awb-alert-close-boxed\" style=\"--awb-margin-top:20px;--awb-margin-bottom:0px;\" role=\"alert\"><div class=\"fusion-alert-content-wrapper\"><span class=\"alert-icon\"><i class=\"awb-icon-check-circle\" aria-hidden=\"true\"><\/i><\/span><span class=\"fusion-alert-content\">Twoja wiadomo\u015b\u0107 zosta\u0142a wys\u0142ana. Dzi\u0119kuj\u0119!<\/span><\/div><button type=\"button\" class=\"close toggle-alert\" data-dismiss=\"alert\" aria-label=\"Close\">&times;<\/button><\/div><div class=\"fusion-alert alert error alert-danger fusion-alert-center fusion-form-response fusion-form-response-error awb-alert-native-link-color alert-dismissable awb-alert-close-boxed\" style=\"--awb-margin-top:20px;--awb-margin-bottom:0px;\" role=\"alert\"><div class=\"fusion-alert-content-wrapper\"><span class=\"alert-icon\"><i class=\"awb-icon-exclamation-triangle\" aria-hidden=\"true\"><\/i><\/span><span class=\"fusion-alert-content\">Wyst\u0105pi\u0142 problem z wys\u0142aniem Twojej wiadomo\u015bci. Spr\u00f3buj ponownie.<\/span><\/div><button type=\"button\" class=\"close toggle-alert\" data-dismiss=\"alert\" aria-label=\"Close\">&times;<\/button><\/div><\/div><\/div><\/div><div class=\"fusion-layout-column fusion_builder_column_inner fusion-builder-nested-column-2 fusion_builder_column_inner_1_2 1_2 fusion-flex-column\" style=\"--awb-bg-size:cover;--awb-width-large:50%;--awb-margin-top-large:0px;--awb-spacing-right-large:10px;--awb-margin-bottom-large:0px;--awb-spacing-left-large:3.84%;--awb-width-medium:100%;--awb-order-medium:0;--awb-spacing-right-medium:1.92%;--awb-spacing-left-medium:1.92%;--awb-width-small:100%;--awb-order-small:0;--awb-spacing-right-small:1.92%;--awb-spacing-left-small:1.92%;\"><div class=\"fusion-column-wrapper fusion-column-has-shadow fusion-flex-justify-content-flex-start fusion-content-layout-column\"><div class=\"fusion-form-field fusion-form-text-field fusion-form-label-above\" style=\"\" data-form-id=\"4127\"><input type=\"text\" autocomplete=\"off\" name=\"your_name\" id=\"your_name\" value=\"\"  class=\"fusion-form-input\" placeholder=\"Imi\u0119 \" data-holds-private-data=\"false\" minlength=\"0\"\/><\/div><\/div><\/div><div class=\"fusion-layout-column fusion_builder_column_inner fusion-builder-nested-column-3 fusion_builder_column_inner_1_2 1_2 fusion-flex-column\" style=\"--awb-bg-size:cover;--awb-width-large:50%;--awb-margin-top-large:0px;--awb-spacing-right-large:3.84%;--awb-margin-bottom-large:0px;--awb-spacing-left-large:10px;--awb-width-medium:100%;--awb-order-medium:0;--awb-spacing-right-medium:1.92%;--awb-spacing-left-medium:1.92%;--awb-width-small:100%;--awb-order-small:0;--awb-spacing-right-small:1.92%;--awb-spacing-left-small:1.92%;\"><div class=\"fusion-column-wrapper fusion-column-has-shadow fusion-flex-justify-content-flex-start fusion-content-layout-column\"><div class=\"fusion-form-field fusion-form-email-field fusion-form-label-above\" style=\"\" data-form-id=\"4127\"><input type=\"email\" autocomplete=\"off\" name=\"email\" id=\"email\" value=\"\"  class=\"fusion-form-input\" placeholder=\"Email .. \" data-holds-private-data=\"false\"\/><\/div><\/div><\/div><div class=\"fusion-layout-column fusion_builder_column_inner fusion-builder-nested-column-4 fusion_builder_column_inner_1_1 1_1 fusion-flex-column\" style=\"--awb-bg-size:cover;--awb-width-large:100%;--awb-margin-top-large:0px;--awb-spacing-right-large:1.92%;--awb-margin-bottom-large:0px;--awb-spacing-left-large:1.92%;--awb-width-medium:100%;--awb-order-medium:0;--awb-spacing-right-medium:1.92%;--awb-spacing-left-medium:1.92%;--awb-width-small:100%;--awb-order-small:0;--awb-spacing-right-small:1.92%;--awb-spacing-left-small:1.92%;\"><div class=\"fusion-column-wrapper fusion-column-has-shadow fusion-flex-justify-content-flex-start fusion-content-layout-column\"><div class=\"fusion-form-field fusion-form-text-field fusion-form-label-above\" style=\"\" data-form-id=\"4127\"><input type=\"text\" autocomplete=\"off\" name=\"subject\" id=\"subject\" value=\"\"  class=\"fusion-form-input\" placeholder=\"Temat \" data-holds-private-data=\"false\" minlength=\"0\"\/><\/div><\/div><\/div><div class=\"fusion-layout-column fusion_builder_column_inner fusion-builder-nested-column-5 fusion_builder_column_inner_1_1 1_1 fusion-flex-column\" style=\"--awb-bg-size:cover;--awb-width-large:100%;--awb-margin-top-large:0px;--awb-spacing-right-large:1.92%;--awb-margin-bottom-large:10px;--awb-spacing-left-large:1.92%;--awb-width-medium:100%;--awb-order-medium:0;--awb-spacing-right-medium:1.92%;--awb-spacing-left-medium:1.92%;--awb-width-small:100%;--awb-order-small:0;--awb-spacing-right-small:1.92%;--awb-spacing-left-small:1.92%;\"><div class=\"fusion-column-wrapper fusion-column-has-shadow fusion-flex-justify-content-flex-start fusion-content-layout-column\"><div class=\"fusion-form-field fusion-form-textarea-field fusion-form-label-above\" style=\"\" data-form-id=\"4127\"><textarea cols=\"40\" autocomplete=\"off\"  minlength=\"0\"  rows=\"4\" tabindex=\"\" id=\"message\" name=\"message\" class=\"fusion-form-input\" placeholder=\"Wiadomo\u015b\u0107 \" data-holds-private-data=\"false\"><\/textarea><\/div><\/div><\/div><div class=\"fusion-layout-column fusion_builder_column_inner fusion-builder-nested-column-6 fusion_builder_column_inner_1_1 1_1 fusion-flex-column\" style=\"--awb-bg-size:cover;--awb-width-large:100%;--awb-margin-top-large:0px;--awb-spacing-right-large:1.92%;--awb-margin-bottom-large:0px;--awb-spacing-left-large:1.92%;--awb-width-medium:100%;--awb-order-medium:0;--awb-spacing-right-medium:1.92%;--awb-spacing-left-medium:1.92%;--awb-width-small:100%;--awb-order-small:0;--awb-spacing-right-small:1.92%;--awb-spacing-left-small:1.92%;\"><div class=\"fusion-column-wrapper fusion-column-has-shadow fusion-flex-justify-content-flex-start fusion-content-layout-column\"><div class=\"fusion-form-field fusion-form-submit-field fusion-form-label-above\" style=\"\" data-form-id=\"4127\"><div style=\"text-align:center;\"><button type=\"submit\" class=\"fusion-button button-flat button-xlarge button-default fusion-button-default button-1 fusion-button-span-yes  button-default form-form-submit\" style=\"--button-border-radius-top-left:3px;--button-border-radius-top-right:3px;--button-border-radius-bottom-right:3px;--button-border-radius-bottom-left:3px;--button_text_transform:var(--awb-typography3-text-transform);--button_typography-letter-spacing:0.015em;--button_typography-font-family:&quot;Cormorant Garamond&quot;;--button_typography-font-style:normal;--button_typography-font-weight:700;--button_margin-bottom:4px;\" data-form-number=\"4127\" tabindex=\"\"><span class=\"fusion-button-text awb-button__text awb-button__text--default\">WY\u015aLIJ<\/span><\/button><\/div><\/div><\/div><\/div><\/div><\/div><\/div><\/div><\/div><input type=\"hidden\" name=\"fusion_privacy_store_ip_ua\" value=\"false\"><input type=\"hidden\" name=\"fusion_privacy_expiration_interval\" value=\"48\"><input type=\"hidden\" name=\"privacy_expiration_action\" value=\"anonymize\"><\/form><\/div><\/div><\/div><\/div><\/div><div class=\"fusion-fullwidth fullwidth-box fusion-builder-row-3 fusion-flex-container has-pattern-background has-mask-background nonhundred-percent-fullwidth non-hundred-percent-height-scrolling\" style=\"--awb-border-radius-top-left:0px;--awb-border-radius-top-right:0px;--awb-border-radius-bottom-right:0px;--awb-border-radius-bottom-left:0px;--awb-flex-wrap:wrap;\" ><div class=\"fusion-builder-row fusion-row fusion-flex-align-items-flex-start fusion-flex-content-wrap\" style=\"max-width:1144px;margin-left: calc(-4% \/ 2 );margin-right: calc(-4% \/ 2 );\"><div class=\"fusion-layout-column fusion_builder_column fusion-builder-column-3 fusion_builder_column_1_1 1_1 fusion-flex-column\" style=\"--awb-bg-size:cover;--awb-width-large:100%;--awb-flex-grow:0;--awb-flex-shrink:0;--awb-margin-top-large:0px;--awb-spacing-right-large:1.92%;--awb-margin-bottom-large:0px;--awb-spacing-left-large:1.92%;--awb-width-medium:100%;--awb-order-medium:0;--awb-flex-grow-medium:0;--awb-flex-shrink-medium:0;--awb-spacing-right-medium:1.92%;--awb-spacing-left-medium:1.92%;--awb-width-small:100%;--awb-order-small:0;--awb-flex-grow-small:0;--awb-flex-shrink-small:0;--awb-spacing-right-small:1.92%;--awb-spacing-left-small:1.92%;\"><div class=\"fusion-column-wrapper fusion-column-has-shadow fusion-flex-justify-content-flex-start fusion-content-layout-column\"><\/div><\/div><\/div><\/div><\/p>\n","protected":false},"excerpt":{"rendered":"","protected":false},"author":1,"featured_media":0,"parent":0,"menu_order":0,"comment_status":"closed","ping_status":"closed","template":"100-width.php","meta":{"footnotes":""},"class_list":["post-3929","page","type-page","status-publish","hentry"],"_links":{"self":[{"href":"https:\/\/annakilyk.com\/index.php?rest_route=\/wp\/v2\/pages\/3929","targetHints":{"allow":["GET"]}}],"collection":[{"href":"https:\/\/annakilyk.com\/index.php?rest_route=\/wp\/v2\/pages"}],"about":[{"href":"https:\/\/annakilyk.com\/index.php?rest_route=\/wp\/v2\/types\/page"}],"author":[{"embeddable":true,"href":"https:\/\/annakilyk.com\/index.php?rest_route=\/wp\/v2\/users\/1"}],"replies":[{"embeddable":true,"href":"https:\/\/annakilyk.com\/index.php?rest_route=%2Fwp%2Fv2%2Fcomments&post=3929"}],"version-history":[{"count":3,"href":"https:\/\/annakilyk.com\/index.php?rest_route=\/wp\/v2\/pages\/3929\/revisions"}],"predecessor-version":[{"id":4138,"href":"https:\/\/annakilyk.com\/index.php?rest_route=\/wp\/v2\/pages\/3929\/revisions\/4138"}],"wp:attachment":[{"href":"https:\/\/annakilyk.com\/index.php?rest_route=%2Fwp%2Fv2%2Fmedia&parent=3929"}],"curies":[{"name":"wp","href":"https:\/\/api.w.org\/{rel}","templated":true}]}}