{"id":3923,"date":"2026-03-05T14:35:20","date_gmt":"2026-03-05T14:35:20","guid":{"rendered":"https:\/\/annakilyk.com\/?page_id=3923"},"modified":"2026-03-05T14:35:20","modified_gmt":"2026-03-05T14:35:20","slug":"autentycznosc-i-certyfikaty","status":"publish","type":"page","link":"https:\/\/annakilyk.com\/?page_id=3923","title":{"rendered":"Autentyczno\u015b\u0107 i certyfikaty"},"content":{"rendered":"<div class=\"fusion-fullwidth fullwidth-box fusion-builder-row-1 fusion-flex-container has-pattern-background has-mask-background nonhundred-percent-fullwidth non-hundred-percent-height-scrolling\" style=\"--awb-border-radius-top-left:0px;--awb-border-radius-top-right:0px;--awb-border-radius-bottom-right:0px;--awb-border-radius-bottom-left:0px;--awb-flex-wrap:wrap;\" ><div class=\"fusion-builder-row fusion-row fusion-flex-align-items-flex-start fusion-flex-content-wrap\" style=\"max-width:1144px;margin-left: calc(-4% \/ 2 );margin-right: calc(-4% \/ 2 );\"><div class=\"fusion-layout-column fusion_builder_column fusion-builder-column-0 fusion_builder_column_1_1 1_1 fusion-flex-column\" style=\"--awb-bg-size:cover;--awb-width-large:100%;--awb-margin-top-large:0px;--awb-spacing-right-large:1.92%;--awb-margin-bottom-large:0px;--awb-spacing-left-large:1.92%;--awb-width-medium:100%;--awb-order-medium:0;--awb-spacing-right-medium:1.92%;--awb-spacing-left-medium:1.92%;--awb-width-small:100%;--awb-order-small:0;--awb-spacing-right-small:1.92%;--awb-spacing-left-small:1.92%;\"><div class=\"fusion-column-wrapper fusion-column-has-shadow fusion-flex-justify-content-flex-start fusion-content-layout-column\"><div class=\"fusion-text fusion-text-1\"><h3>Autentyczno\u015b\u0107 dzie\u0142a<\/h3>\n<p data-start=\"327\" data-end=\"464\">Ka\u017cda praca powstaj\u0105ca w <strong data-start=\"352\" data-end=\"374\">Anna Kilyk Atelier<\/strong> jest oryginalnym dzie\u0142em sztuki tworzonym r\u0119cznie w tradycyjnej technice ikonograficznej.<\/p>\n<p data-start=\"466\" data-end=\"658\">Ikony malowane s\u0105 przy u\u017cyciu klasycznych metod, takich jak <strong data-start=\"526\" data-end=\"601\">tempera jajowa, z\u0142ocenia p\u0142atkami z\u0142ota oraz r\u0119czne przygotowanie deski<\/strong>. Proces ten wymaga czasu, precyzji i wielu etap\u00f3w pracy.<\/p>\n<p data-start=\"660\" data-end=\"706\">Ka\u017cda praca jest <strong data-start=\"677\" data-end=\"705\">sygnowana przez artystk\u0119<\/strong>.<\/p>\n<hr data-start=\"708\" data-end=\"711\" \/>\n<h3 data-start=\"713\" data-end=\"741\">Certyfikat autentyczno\u015bci<\/h3>\n<p data-start=\"743\" data-end=\"868\">Do ka\u017cdej oryginalnej ikony oraz limitowanej edycji art print\u00f3w do\u0142\u0105czony jest <strong data-start=\"822\" data-end=\"851\">certyfikat autentyczno\u015bci<\/strong>, potwierdzaj\u0105cy:<\/p>\n<ul data-start=\"870\" data-end=\"998\">\n<li data-start=\"870\" data-end=\"889\">\n<p data-start=\"872\" data-end=\"889\">autorstwo pracy<\/p>\n<\/li>\n<li data-start=\"890\" data-end=\"906\">\n<p data-start=\"892\" data-end=\"906\">tytu\u0142 dzie\u0142a<\/p>\n<\/li>\n<li data-start=\"907\" data-end=\"931\">\n<p data-start=\"909\" data-end=\"931\">zastosowan\u0105 technik\u0119<\/p>\n<\/li>\n<li data-start=\"932\" data-end=\"950\">\n<p data-start=\"934\" data-end=\"950\">dat\u0119 powstania<\/p>\n<\/li>\n<li data-start=\"951\" data-end=\"998\">\n<p data-start=\"953\" data-end=\"998\">informacje o edycji (w przypadku art print\u00f3w)<\/p>\n<\/li>\n<\/ul>\n<p data-start=\"1000\" data-end=\"1081\">Certyfikat stanowi dokument potwierdzaj\u0105cy autentyczno\u015b\u0107 oraz pochodzenie dzie\u0142a.<\/p>\n<hr data-start=\"1083\" data-end=\"1086\" \/>\n<h3 data-start=\"1088\" data-end=\"1108\">Edycje limitowane<\/h3>\n<p data-start=\"1110\" data-end=\"1196\">Art printy dost\u0119pne w atelier powstaj\u0105 w <strong data-start=\"1151\" data-end=\"1195\">\u015bci\u015ble okre\u015blonych edycjach limitowanych<\/strong>.<\/p>\n<p data-start=\"1198\" data-end=\"1220\">Ka\u017cdy egzemplarz jest:<\/p>\n<ul data-start=\"1222\" data-end=\"1305\">\n<li data-start=\"1222\" data-end=\"1236\">\n<p data-start=\"1224\" data-end=\"1236\">numerowany<\/p>\n<\/li>\n<li data-start=\"1237\" data-end=\"1265\">\n<p data-start=\"1239\" data-end=\"1265\">sygnowany przez artystk\u0119<\/p>\n<\/li>\n<li data-start=\"1266\" data-end=\"1305\">\n<p data-start=\"1268\" data-end=\"1305\">opatrzony certyfikatem autentyczno\u015bci<\/p>\n<\/li>\n<\/ul>\n<p data-start=\"1307\" data-end=\"1373\">Po wyczerpaniu danej edycji praca nie jest ponownie reprodukowana.<\/p>\n<\/div><\/div><\/div><\/div><\/div>\n","protected":false},"excerpt":{"rendered":"","protected":false},"author":1,"featured_media":0,"parent":0,"menu_order":0,"comment_status":"closed","ping_status":"closed","template":"100-width.php","meta":{"footnotes":""},"class_list":["post-3923","page","type-page","status-publish","hentry"],"_links":{"self":[{"href":"https:\/\/annakilyk.com\/index.php?rest_route=\/wp\/v2\/pages\/3923","targetHints":{"allow":["GET"]}}],"collection":[{"href":"https:\/\/annakilyk.com\/index.php?rest_route=\/wp\/v2\/pages"}],"about":[{"href":"https:\/\/annakilyk.com\/index.php?rest_route=\/wp\/v2\/types\/page"}],"author":[{"embeddable":true,"href":"https:\/\/annakilyk.com\/index.php?rest_route=\/wp\/v2\/users\/1"}],"replies":[{"embeddable":true,"href":"https:\/\/annakilyk.com\/index.php?rest_route=%2Fwp%2Fv2%2Fcomments&post=3923"}],"version-history":[{"count":2,"href":"https:\/\/annakilyk.com\/index.php?rest_route=\/wp\/v2\/pages\/3923\/revisions"}],"predecessor-version":[{"id":3928,"href":"https:\/\/annakilyk.com\/index.php?rest_route=\/wp\/v2\/pages\/3923\/revisions\/3928"}],"wp:attachment":[{"href":"https:\/\/annakilyk.com\/index.php?rest_route=%2Fwp%2Fv2%2Fmedia&parent=3923"}],"curies":[{"name":"wp","href":"https:\/\/api.w.org\/{rel}","templated":true}]}}